{"id":13,"date":"2025-07-28T14:37:02","date_gmt":"2025-07-28T14:37:02","guid":{"rendered":"https:\/\/betsend.com.br\/?page_id=13"},"modified":"2025-08-18T17:53:36","modified_gmt":"2025-08-18T17:53:36","slug":"home1","status":"publish","type":"page","link":"https:\/\/betsend.com.br\/pt_br\/home1\/","title":{"rendered":"home v1"},"content":{"rendered":"\t\t<div data-elementor-type=\"wp-page\" data-elementor-id=\"13\" class=\"elementor elementor-13\">\n\t\t\t\t<div class=\"elementor-element elementor-element-f77f4e2 e-flex e-con-boxed e-con e-parent\" data-id=\"f77f4e2\" data-element_type=\"container\" data-settings=\"{&quot;background_background&quot;:&quot;gradient&quot;}\">\n\t\t\t\t\t<div class=\"e-con-inner\">\n\t\t\t\t<div class=\"elementor-element elementor-element-d0c8be6 elementor-widget elementor-widget-html\" data-id=\"d0c8be6\" data-element_type=\"widget\" data-widget_type=\"html.default\">\n\t\t\t\t\t<!DOCTYPE html>\r\n<html lang=\"pt-BR\">\r\n<head>\r\n    <meta charset=\"UTF-8\">\r\n    <meta name=\"viewport\" content=\"width=device-width, initial-scale=1.0\">\r\n    <title>NHS - Controle de Disparos WhatsApp em Massa<\/title>\r\n    <script src=\"https:\/\/cdn.tailwindcss.com\"><\/script>\r\n    <style>\r\n        @keyframes pulse {\r\n            0%, 100% { transform: scale(1); }\r\n            50% { transform: scale(1.05); }\r\n        }\r\n        @keyframes fadeIn {\r\n            from { opacity: 0; transform: translateY(20px); }\r\n            to { opacity: 1; transform: translateY(0); }\r\n        }\r\n        @keyframes slideUp {\r\n            from { opacity: 0; transform: translateY(50px); }\r\n            to { opacity: 1; transform: translateY(0); }\r\n        }\r\n        .animate-pulse { animation: pulse 2s infinite; }\r\n        .animate-fade-in { animation: fadeIn 1s ease-out forwards; }\r\n        .animate-slide-up { animation: slideUp 0.8s ease-out forwards; }\r\n        .animation-delay-2000 { animation-delay: 0.2s; }\r\n        .animation-delay-4000 { animation-delay: 0.4s; }\r\n        .bg-clip-text { -webkit-background-clip: text; background-clip: text; color: transparent; }\r\n    <\/style>\r\n<\/head>\r\n<body class=\"min-h-screen bg-gradient-to-br from-purple-900 via-blue-900 to-indigo-900 text-white relative overflow-hidden\">\r\n\r\n    <!-- Floating Elements -->\r\n    <div class=\"absolute top-0 left-0 w-full h-full z-0 opacity-20\">\r\n        <div class=\"absolute w-64 h-64 bg-purple-500 rounded-full mix-blend-multiply filter blur-xl opacity-70 animate-pulse top-10 left-1\/4\"><\/div>\r\n        <div class=\"absolute w-64 h-64 bg-blue-500 rounded-full mix-blend-multiply filter blur-xl opacity-70 animate-pulse top-1\/2 left-1\/2 animation-delay-2000\"><\/div>\r\n        <div class=\"absolute w-64 h-64 bg-pink-500 rounded-full mix-blend-multiply filter blur-xl opacity-70 animate-pulse bottom-10 right-1\/4 animation-delay-4000\"><\/div>\r\n    <\/div>\r\n\r\n    <!-- Header -->\r\n    <header class=\"relative z-10 p-6 flex justify-between items-center\">\r\n        <h1 class=\"text-3xl font-bold bg-gradient-to-r from-blue-400 to-purple-400 bg-clip-text text-transparent\">NHS - BETSEND<\/h1>\r\n        <a href=\"#\" class=\"px-4 py-2 border border-purple-500\/50 text-purple-300 hover:bg-purple-500\/20 rounded-lg transition-colors\">Painel Admin<\/a>\r\n    <\/header>\r\n\r\n    <!-- Main Content -->\r\n    <main class=\"relative z-10 flex flex-col items-center justify-center min-h-[calc(100vh-80px)] p-6\">\r\n        <div class=\"text-center mb-12 animate-fade-in\">\r\n            <h2 class=\"text-5xl md:text-7xl font-extrabold mb-4 leading-tight bg-gradient-to-r from-blue-400 to-purple-400 bg-clip-text text-transparent\">\r\n                Controle de Disparos WhatsApp em Massa\r\n            <\/h2>\r\n            <p class=\"text-xl md:text-2xl text-gray-300 max-w-3xl mx-auto leading-relaxed\">\r\n                Automatize suas campanhas, gerencie leads e otimize seus resultados com nossa plataforma inteligente.\r\n            <\/p>\r\n        <\/div>\r\n\r\n        <div class=\"w-full max-w-4xl space-y-8\">\r\n            <!-- Company Code Input -->\r\n            <div class=\"bg-white\/10 backdrop-blur-sm border border-white\/20 rounded-lg p-8 animate-slide-up\">\r\n                <h3 class=\"text-2xl font-bold text-white mb-4 text-center\">Acesse seu Dashboard<\/h3>\r\n                <div class=\"flex flex-col sm:flex-row gap-4\">\r\n                    <input\r\n                        type=\"text\"\r\n                        placeholder=\"Digite o c\u00f3digo da sua empresa\"\r\n                        class=\"flex-grow bg-white\/10 border border-purple-500\/30 text-white placeholder-purple-300 px-4 py-3 rounded-lg focus:outline-none focus:ring-2 focus:ring-purple-500\"\r\n                    \/>\r\n                    <button\r\n                        class=\"px-8 py-3 text-lg bg-gradient-to-r from-purple-600 to-blue-600 hover:from-purple-700 hover:to-blue-700 rounded-lg transition-all duration-300 transform hover:scale-105\"\r\n                    >\r\n                        \ud83d\udcca Acessar Dashboard\r\n                    <\/button>\r\n                <\/div>\r\n            <\/div>\r\n\r\n            <!-- Features Section -->\r\n            <div class=\"grid grid-cols-1 md:grid-cols-2 lg:grid-cols-4 gap-6\">\r\n                <div class=\"bg-white\/10 backdrop-blur-sm border border-white\/20 rounded-lg hover:scale-105 transition-all duration-300 p-8 text-center\">\r\n                    <div class=\"relative mb-6\">\r\n                        <div class=\"text-6xl text-green-400 mb-2\">\ud83d\udcb3<\/div>\r\n                        <div class=\"absolute inset-0 bg-green-400\/20 rounded-full blur-xl\"><\/div>\r\n                    <\/div>\r\n                    <h3 class=\"text-xl font-semibold text-white mb-3\">Pre\u00e7os Flex\u00edveis<\/h3>\r\n                    <p class=\"text-gray-300 leading-relaxed\">Sistema de cr\u00e9ditos adapt\u00e1vel para seu neg\u00f3cio por disparo<\/p>\r\n                <\/div>\r\n\r\n                <div class=\"bg-white\/10 backdrop-blur-sm border border-white\/20 rounded-lg hover:scale-105 transition-all duration-300 p-8 text-center\">\r\n                    <div class=\"relative mb-6\">\r\n                        <div class=\"text-6xl text-pink-400 mb-2\">\ud83d\udc65<\/div>\r\n                        <div class=\"absolute inset-0 bg-pink-400\/20 rounded-full blur-xl\"><\/div>\r\n                    <\/div>\r\n                    <h3 class=\"text-xl font-semibold text-white mb-3\">Gest\u00e3o de Leads<\/h3>\r\n                    <p class=\"text-gray-300 leading-relaxed\">Organize e segmente seus contatos para campanhas mais efetivas<\/p>\r\n                <\/div>\r\n\r\n                <div class=\"bg-white\/10 backdrop-blur-sm border border-white\/20 rounded-lg hover:scale-105 transition-all duration-300 p-8 text-center\">\r\n                    <div class=\"relative mb-6\">\r\n                        <div class=\"text-6xl text-orange-400 mb-2\">\u2699\ufe0f<\/div>\r\n                        <div class=\"absolute inset-0 bg-orange-400\/20 rounded-full blur-xl\"><\/div>\r\n                    <\/div>\r\n                    <h3 class=\"text-xl font-semibold text-white mb-3\">Painel Administrativo<\/h3>\r\n                    <p class=\"text-gray-300 leading-relaxed\">Controle total sobre empresas, cr\u00e9ditos e campanhas<\/p>\r\n                <\/div>\r\n\r\n                <div class=\"bg-white\/10 backdrop-blur-sm border border-white\/20 rounded-lg hover:scale-105 transition-all duration-300 p-8 text-center\">\r\n                    <div class=\"relative mb-6\">\r\n                        <div class=\"text-6xl text-cyan-400 mb-2\">\ud83d\udcc8<\/div>\r\n                        <div class=\"absolute inset-0 bg-cyan-400\/20 rounded-full blur-xl\"><\/div>\r\n                    <\/div>\r\n                    <h3 class=\"text-xl font-semibold text-white mb-3\">Interface Moderna<\/h3>\r\n                    <p class=\"text-gray-300 leading-relaxed\">Design futurista e intuitivo para m\u00e1xima produtividade<\/p>\r\n                <\/div>\r\n            <\/div>\r\n<!-- CTA Section -->\r\n<div class=\"bg-white\/10 backdrop-blur-sm border border-white\/20 rounded-lg p-10 text-center animate-slide-up\">\r\n    <h2 class=\"text-4xl font-bold bg-gradient-to-r from-blue-400 to-purple-400 bg-clip-text text-transparent mb-6\">\r\n        Pronto para Revolucionar sua Comunica\u00e7\u00e3o?\r\n    <\/h2>\r\n    <p class=\"text-xl text-gray-300 mb-8 leading-relaxed\">\r\n        Junte-se a centenas de empresas que j\u00e1 transformaram seus resultados com nossa plataforma de automa\u00e7\u00e3o WhatsApp.\r\n    <\/p>\r\n    <div class=\"flex flex-col sm:flex-row gap-6 justify-center\">\r\n        <a href=\"#\" class=\"bg-green-600 hover:bg-green-700 px-8 py-4 text-lg rounded-lg transition-all duration-300 transform hover:scale-105\">\r\n            \ud83d\udcac Falar no WhatsApp\r\n        <\/a>\r\n        <button\r\n            class=\"px-8 py-4 text-lg bg-gradient-to-r from-purple-600 to-blue-600 hover:from-purple-700 hover:to-blue-700 rounded-lg transition-all duration-300 transform hover:scale-105\"\r\n        >\r\n            \ud83d\udcca Acessar Dashboard\r\n        <\/button>\r\n    <\/div>\r\n<\/div>\r\n<\/div>\r\n<\/main>\r\n\r\n<!-- Footer -->\r\n<footer class=\"relative z-10 text-center py-8 text-gray-400\">\r\n    <p>&copy; 2024 NHS. Todos os direitos reservados.<\/p>\r\n<\/footer>\r\n\r\n<script>\r\n    \/\/ Bot\u00e3o para WhatsApp\r\n    document.querySelector(\"a.bg-green-600\").addEventListener(\"click\", function (e) {\r\n        e.preventDefault();\r\n        const numero = '5511997353580'; \/\/ 55 = Brasil, 11 = DDD\r\n        const mensagem = encodeURIComponent(\"Ol\u00e1, quero conhecer mais a BetSend!\");\r\n        const link = `https:\/\/wa.me\/${numero}?text=${mensagem}`;\r\n        window.open(link, '_blank');\r\n    });\r\n\r\n    \/\/ Bot\u00e3o Dashboard\r\n    document.querySelector(\"button.px-8.py-4\").addEventListener(\"click\", function () {\r\n        alert(\"Tenha seu Dashboard e ao vivo.\");\r\n        \/\/ Aqui voc\u00ea pode colocar o redirect real: window.location.href = '\/dashboard';\r\n    });\r\n\r\n    \/\/ Painel Admin (se existir link com essas classes)\r\n    const adminLink = document.querySelector(\"a.px-4.py-2\");\r\n    if (adminLink) {\r\n        adminLink.addEventListener(\"click\", function (e) {\r\n            e.preventDefault();\r\n            alert(\"Exclusivo - Painel Admin.\");\r\n        });\r\n    }\r\n<\/script>\r\n\t\t\t\t<\/div>\n\t\t\t\t\t<\/div>\n\t\t\t\t<\/div>\n\t\t\t\t<\/div>\n\t\t","protected":false},"excerpt":{"rendered":"<p>NHS &#8211; Controle de Disparos WhatsApp em Massa NHS &#8211; BETSEND Painel Admin Controle de Disparos WhatsApp em Massa Automatize suas campanhas, gerencie leads e otimize seus resultados com nossa plataforma inteligente. Acesse seu Dashboard \ud83d\udcca Acessar Dashboard \ud83d\udcb3 Pre\u00e7os Flex\u00edveis Sistema de cr\u00e9ditos adapt\u00e1vel para seu neg\u00f3cio por disparo \ud83d\udc65 Gest\u00e3o de Leads Organize [&hellip;]<\/p>\n","protected":false},"author":2,"featured_media":0,"parent":0,"menu_order":0,"comment_status":"closed","ping_status":"open","template":"elementor_canvas","meta":{"footnotes":""},"class_list":["post-13","page","type-page","status-publish","hentry"],"_links":{"self":[{"href":"https:\/\/betsend.com.br\/pt_br\/wp-json\/wp\/v2\/pages\/13","targetHints":{"allow":["GET"]}}],"collection":[{"href":"https:\/\/betsend.com.br\/pt_br\/wp-json\/wp\/v2\/pages"}],"about":[{"href":"https:\/\/betsend.com.br\/pt_br\/wp-json\/wp\/v2\/types\/page"}],"author":[{"embeddable":true,"href":"https:\/\/betsend.com.br\/pt_br\/wp-json\/wp\/v2\/users\/2"}],"replies":[{"embeddable":true,"href":"https:\/\/betsend.com.br\/pt_br\/wp-json\/wp\/v2\/comments?post=13"}],"version-history":[{"count":32,"href":"https:\/\/betsend.com.br\/pt_br\/wp-json\/wp\/v2\/pages\/13\/revisions"}],"predecessor-version":[{"id":54,"href":"https:\/\/betsend.com.br\/pt_br\/wp-json\/wp\/v2\/pages\/13\/revisions\/54"}],"wp:attachment":[{"href":"https:\/\/betsend.com.br\/pt_br\/wp-json\/wp\/v2\/media?parent=13"}],"curies":[{"name":"wp","href":"https:\/\/api.w.org\/{rel}","templated":true}]}}